{"id":82,"date":"2022-09-29T07:11:38","date_gmt":"2022-09-29T07:11:38","guid":{"rendered":"https:\/\/www.incomesengineering.com\/tr\/?page_id=82"},"modified":"2022-10-06T08:29:18","modified_gmt":"2022-10-06T08:29:18","slug":"hakkimizda","status":"publish","type":"page","link":"https:\/\/www.incomesengineering.com\/tr\/hakkimizda\/","title":{"rendered":"Hakk\u0131m\u0131zda"},"content":{"rendered":"\t\t<div data-elementor-type=\"wp-page\" data-elementor-id=\"82\" class=\"elementor elementor-82\">\n\t\t\t\t\t\t\t\t\t<section class=\"elementor-section elementor-top-section elementor-element elementor-element-6eb09bc1 elementor-section-boxed elementor-section-height-default elementor-section-height-default elementor-invisible\" data-id=\"6eb09bc1\" data-element_type=\"section\" data-settings=\"{&quot;background_background&quot;:&quot;classic&quot;,&quot;animation&quot;:&quot;fadeInRight&quot;}\">\n\t\t\t\t\t\t<div class=\"elementor-container elementor-column-gap-no\">\n\t\t\t\t\t<div class=\"elementor-column elementor-col-50 elementor-top-column elementor-element elementor-element-5b45e48d\" data-id=\"5b45e48d\" data-element_type=\"column\" data-settings=\"{&quot;background_background&quot;:&quot;classic&quot;}\">\n\t\t\t<div class=\"elementor-widget-wrap elementor-element-populated\">\n\t\t\t\t\t\t\t\t<section class=\"elementor-section elementor-inner-section elementor-element elementor-element-7ae9b788 elementor-hidden-phone elementor-section-boxed elementor-section-height-default elementor-section-height-default\" data-id=\"7ae9b788\" data-element_type=\"section\" data-settings=\"{&quot;background_background&quot;:&quot;slideshow&quot;,&quot;background_slideshow_gallery&quot;:[],&quot;background_slideshow_loop&quot;:&quot;yes&quot;,&quot;background_slideshow_slide_duration&quot;:5000,&quot;background_slideshow_slide_transition&quot;:&quot;fade&quot;,&quot;background_slideshow_transition_duration&quot;:500}\">\n\t\t\t\t\t\t<div class=\"elementor-container elementor-column-gap-default\">\n\t\t\t\t\t<div class=\"elementor-column elementor-col-100 elementor-inner-column elementor-element elementor-element-77eeba3c\" data-id=\"77eeba3c\" data-element_type=\"column\">\n\t\t\t<div class=\"elementor-widget-wrap elementor-element-populated\">\n\t\t\t\t\t\t\t\t<div class=\"elementor-element elementor-element-690e09c2 elementor-widget elementor-widget-image\" data-id=\"690e09c2\" data-element_type=\"widget\" data-widget_type=\"image.default\">\n\t\t\t\t<div class=\"elementor-widget-container\">\n\t\t\t<style>\/*! elementor - v3.7.7 - 20-09-2022 *\/\n.elementor-widget-image{text-align:center}.elementor-widget-image a{display:inline-block}.elementor-widget-image a img[src$=\".svg\"]{width:48px}.elementor-widget-image img{vertical-align:middle;display:inline-block}<\/style>\t\t\t\t\t\t\t\t\t\t\t\t<img width=\"581\" height=\"641\" src=\"https:\/\/www.incomesengineering.com\/tr\/wp-content\/uploads\/2022\/09\/about-home.jpg\" class=\"attachment-large size-large\" alt=\"\" loading=\"lazy\" srcset=\"https:\/\/www.incomesengineering.com\/tr\/wp-content\/uploads\/2022\/09\/about-home.jpg 581w, https:\/\/www.incomesengineering.com\/tr\/wp-content\/uploads\/2022\/09\/about-home-272x300.jpg 272w\" sizes=\"(max-width: 581px) 100vw, 581px\" \/>\t\t\t\t\t\t\t\t\t\t\t\t\t\t\t<\/div>\n\t\t\t\t<\/div>\n\t\t\t\t\t<\/div>\n\t\t<\/div>\n\t\t\t\t\t\t\t<\/div>\n\t\t<\/section>\n\t\t\t\t\t<\/div>\n\t\t<\/div>\n\t\t\t\t<div class=\"elementor-column elementor-col-50 elementor-top-column elementor-element elementor-element-69a38d2c\" data-id=\"69a38d2c\" data-element_type=\"column\">\n\t\t\t<div class=\"elementor-widget-wrap elementor-element-populated\">\n\t\t\t\t\t\t\t\t<div class=\"elementor-element elementor-element-7f35da61 elementor-widget elementor-widget-heading\" data-id=\"7f35da61\" data-element_type=\"widget\" data-widget_type=\"heading.default\">\n\t\t\t\t<div class=\"elementor-widget-container\">\n\t\t\t<style>\/*! elementor - v3.7.7 - 20-09-2022 *\/\n.elementor-heading-title{padding:0;margin:0;line-height:1}.elementor-widget-heading .elementor-heading-title[class*=elementor-size-]>a{color:inherit;font-size:inherit;line-height:inherit}.elementor-widget-heading .elementor-heading-title.elementor-size-small{font-size:15px}.elementor-widget-heading .elementor-heading-title.elementor-size-medium{font-size:19px}.elementor-widget-heading .elementor-heading-title.elementor-size-large{font-size:29px}.elementor-widget-heading .elementor-heading-title.elementor-size-xl{font-size:39px}.elementor-widget-heading .elementor-heading-title.elementor-size-xxl{font-size:59px}<\/style><h4 class=\"elementor-heading-title elementor-size-default\">Hakk\u0131m\u0131zda<\/h4>\t\t<\/div>\n\t\t\t\t<\/div>\n\t\t\t\t<div class=\"elementor-element elementor-element-731b8eec elementor-widget elementor-widget-text-editor\" data-id=\"731b8eec\" data-element_type=\"widget\" data-widget_type=\"text-editor.default\">\n\t\t\t\t<div class=\"elementor-widget-container\">\n\t\t\t<style>\/*! elementor - v3.7.7 - 20-09-2022 *\/\n.elementor-widget-text-editor.elementor-drop-cap-view-stacked .elementor-drop-cap{background-color:#818a91;color:#fff}.elementor-widget-text-editor.elementor-drop-cap-view-framed .elementor-drop-cap{color:#818a91;border:3px solid;background-color:transparent}.elementor-widget-text-editor:not(.elementor-drop-cap-view-default) .elementor-drop-cap{margin-top:8px}.elementor-widget-text-editor:not(.elementor-drop-cap-view-default) .elementor-drop-cap-letter{width:1em;height:1em}.elementor-widget-text-editor .elementor-drop-cap{float:left;text-align:center;line-height:1;font-size:50px}.elementor-widget-text-editor .elementor-drop-cap-letter{display:inline-block}<\/style>\t\t\t\t<p>INCOMES(industrial, Construction, Mechanical, Electrical Services), proje ve tesis tasar\u0131m\u0131, end\u00fcstriyel montaj, makine ve ekipman montaj\u0131 borulama ve \u00e7elik imalat ve montaj\u0131, onar\u0131m &amp; i\u015fletme hizmetleri, elektrik i\u015fleri tesisatlar\u0131, in\u015faat i\u015fleri tesisatlar\u0131, test ve devreye alma hizmetleri veren bir EPC (M\u00fchendislik Tedarik ve Montaj) \u015firketidir. teknik kadromuz, e\u011fitimli ve modern tasar\u0131m anlay\u0131\u015f\u0131 ile kalite ve tasar\u0131m ilkelerine uygun olarak hizmet vermekteyiz.<\/p><p>Projemizde kapsaml\u0131 \u00e7\u00f6z\u00fcmler \u00fcretebilmek i\u00e7in her zaman en iyi seviyede, en itibarl\u0131 \u00e7\u00f6z\u00fcmler ve en iyi kadrolarla \u00e7al\u0131\u015f\u0131r ve nihayetinde geli\u015ftiririz.<\/p><p>Tecr\u00fcbe ve bilgi birikimimizle kamu ve \u00f6zel sekt\u00f6r yat\u0131r\u0131mlar\u0131n\u0131 ve tavizlerini m\u00fckemmele d\u00f6n\u00fc\u015ft\u00fcrmeye devam ediyoruz.<\/p><p><b>Misyon<\/b><br \/>Faaliyet g\u00f6sterdi\u011fimiz sekt\u00f6rdeki t\u00fcm geli\u015fmeleri yak\u0131ndan takip ederek, kaliteden \u00f6d\u00fcn vermeden, m\u00fc\u015fteri memnuniyeti odakl\u0131, \u00e7evreye ve insan sa\u011fl\u0131\u011f\u0131na duyarl\u0131 hizmetler sunmak.<br \/><b>Vizyon<\/b><br \/>Yurt i\u00e7inde ve yurt d\u0131\u015f\u0131nda hayata ge\u00e7irdi\u011fimiz projelerimizle istikrar sa\u011flayarak bir d\u00fcnya markas\u0131 haline gelerek sekt\u00f6rde lider kurulu\u015f olmak.<\/p>\t\t\t\t\t\t<\/div>\n\t\t\t\t<\/div>\n\t\t\t\t\t<\/div>\n\t\t<\/div>\n\t\t\t\t\t\t\t<\/div>\n\t\t<\/section>\n\t\t\t\t\t\t\t<\/div>\n\t\t","protected":false},"excerpt":{"rendered":"<p>Hakk\u0131m\u0131zda INCOMES(industrial, Construction, Mechanical, Electrical Services), proje ve tesis tasar\u0131m\u0131, end\u00fcstriyel montaj, makine ve ekipman montaj\u0131 borulama ve \u00e7elik imalat ve montaj\u0131, onar\u0131m &amp; i\u015fletme hizmetleri, elektrik i\u015fleri tesisatlar\u0131, in\u015faat i\u015fleri tesisatlar\u0131, test ve devreye alma hizmetleri veren bir EPC (M\u00fchendislik Tedarik ve Montaj) \u015firketidir. teknik kadromuz, e\u011fitimli ve modern tasar\u0131m anlay\u0131\u015f\u0131 ile kalite ve<br \/><a class=\"moretag\" href=\"https:\/\/www.incomesengineering.com\/tr\/hakkimizda\/\">+ Read More<\/a><\/p>\n","protected":false},"author":1,"featured_media":492,"parent":0,"menu_order":0,"comment_status":"closed","ping_status":"closed","template":"templates\/page-fullwidth_template.php","meta":[],"_links":{"self":[{"href":"https:\/\/www.incomesengineering.com\/tr\/wp-json\/wp\/v2\/pages\/82"}],"collection":[{"href":"https:\/\/www.incomesengineering.com\/tr\/wp-json\/wp\/v2\/pages"}],"about":[{"href":"https:\/\/www.incomesengineering.com\/tr\/wp-json\/wp\/v2\/types\/page"}],"author":[{"embeddable":true,"href":"https:\/\/www.incomesengineering.com\/tr\/wp-json\/wp\/v2\/users\/1"}],"replies":[{"embeddable":true,"href":"https:\/\/www.incomesengineering.com\/tr\/wp-json\/wp\/v2\/comments?post=82"}],"version-history":[{"count":31,"href":"https:\/\/www.incomesengineering.com\/tr\/wp-json\/wp\/v2\/pages\/82\/revisions"}],"predecessor-version":[{"id":704,"href":"https:\/\/www.incomesengineering.com\/tr\/wp-json\/wp\/v2\/pages\/82\/revisions\/704"}],"wp:featuredmedia":[{"embeddable":true,"href":"https:\/\/www.incomesengineering.com\/tr\/wp-json\/wp\/v2\/media\/492"}],"wp:attachment":[{"href":"https:\/\/www.incomesengineering.com\/tr\/wp-json\/wp\/v2\/media?parent=82"}],"curies":[{"name":"wp","href":"https:\/\/api.w.org\/{rel}","templated":true}]}}